{"id":1330,"date":"2017-10-03T10:24:16","date_gmt":"2017-10-03T08:24:16","guid":{"rendered":"http:\/\/advogadabrasil.com\/spezialgebiete\/"},"modified":"2021-04-20T13:43:56","modified_gmt":"2021-04-20T11:43:56","slug":"ehe-trennung-scheidung","status":"publish","type":"page","link":"https:\/\/advogadabrasil.com\/de\/ehe-trennung-scheidung\/","title":{"rendered":"SPEZIALGEBIETE"},"content":{"rendered":"\t\t<div data-elementor-type=\"wp-page\" data-elementor-id=\"1330\" class=\"elementor elementor-1330 elementor-14\" data-elementor-post-type=\"page\">\n\t\t\t\t\t\t<section class=\"elementor-section elementor-top-section elementor-element elementor-element-8d8ef3c elementor-section-height-min-height elementor-section-boxed elementor-section-height-default elementor-section-items-middle\" data-id=\"8d8ef3c\" data-element_type=\"section\" data-e-type=\"section\" data-settings=\"{&quot;background_background&quot;:&quot;classic&quot;}\">\n\t\t\t\t\t\t<div class=\"elementor-container elementor-column-gap-default\">\n\t\t\t\t\t<div class=\"elementor-column elementor-col-100 elementor-top-column elementor-element elementor-element-461e0ba\" data-id=\"461e0ba\" data-element_type=\"column\" data-e-type=\"column\">\n\t\t\t<div class=\"elementor-widget-wrap\">\n\t\t\t\t\t\t\t<\/div>\n\t\t<\/div>\n\t\t\t\t\t<\/div>\n\t\t<\/section>\n\t\t\t\t<section class=\"elementor-section elementor-top-section elementor-element elementor-element-3b510b2 elementor-section-boxed elementor-section-height-default elementor-section-height-default\" data-id=\"3b510b2\" data-element_type=\"section\" data-e-type=\"section\">\n\t\t\t\t\t\t<div class=\"elementor-container elementor-column-gap-default\">\n\t\t\t\t\t<div class=\"elementor-column elementor-col-100 elementor-top-column elementor-element elementor-element-3c7801d\" data-id=\"3c7801d\" data-element_type=\"column\" data-e-type=\"column\">\n\t\t\t<div class=\"elementor-widget-wrap elementor-element-populated\">\n\t\t\t\t\t\t<div class=\"elementor-element elementor-element-3286266 elementor-invisible elementor-widget elementor-widget-heading\" data-id=\"3286266\" data-element_type=\"widget\" data-e-type=\"widget\" data-settings=\"{&quot;_animation&quot;:&quot;fadeInUp&quot;}\" data-widget_type=\"heading.default\">\n\t\t\t\t<div class=\"elementor-widget-container\">\n\t\t\t\t\t<h1 class=\"elementor-heading-title elementor-size-default\">Spezialgebiete<\/h1>\t\t\t\t<\/div>\n\t\t\t\t<\/div>\n\t\t\t\t<div class=\"elementor-element elementor-element-d47b17b elementor-invisible elementor-widget elementor-widget-text-editor\" data-id=\"d47b17b\" data-element_type=\"widget\" data-e-type=\"widget\" data-settings=\"{&quot;_animation&quot;:&quot;fadeIn&quot;}\" data-widget_type=\"text-editor.default\">\n\t\t\t\t<div class=\"elementor-widget-container\">\n\t\t\t\t\t\t\t\t\t<p>Als brasilianische Rechtsanw\u00e4ltin mit Wohnsitz im Ausland biete ich effiziente und hochwertige Dienste f\u00fcr ausl\u00e4ndische Personen oder Brasilianer an, die im Ausland leben. Meine Spezialgebiete sind u. a. Familienrecht, Einwanderungsrecht und Immobilienrecht.<\/p>\t\t\t\t\t\t\t\t<\/div>\n\t\t\t\t<\/div>\n\t\t\t\t\t<\/div>\n\t\t<\/div>\n\t\t\t\t\t<\/div>\n\t\t<\/section>\n\t\t\t\t<section class=\"elementor-section elementor-top-section elementor-element elementor-element-160ad52 elementor-section-boxed elementor-section-height-default elementor-section-height-default\" data-id=\"160ad52\" data-element_type=\"section\" data-e-type=\"section\">\n\t\t\t\t\t\t<div class=\"elementor-container elementor-column-gap-default\">\n\t\t\t\t\t<div class=\"elementor-column elementor-col-100 elementor-top-column elementor-element elementor-element-dba0ab3\" data-id=\"dba0ab3\" data-element_type=\"column\" data-e-type=\"column\">\n\t\t\t<div class=\"elementor-widget-wrap elementor-element-populated\">\n\t\t\t\t\t\t<div class=\"elementor-element elementor-element-5b99af2 elementor-widget elementor-widget-menu-anchor\" data-id=\"5b99af2\" data-element_type=\"widget\" data-e-type=\"widget\" data-widget_type=\"menu-anchor.default\">\n\t\t\t\t<div class=\"elementor-widget-container\">\n\t\t\t\t\t\t\t<div class=\"elementor-menu-anchor\" id=\"family\"><\/div>\n\t\t\t\t\t\t<\/div>\n\t\t\t\t<\/div>\n\t\t\t\t<section class=\"elementor-section elementor-inner-section elementor-element elementor-element-03f2810 elementor-section-boxed elementor-section-height-default elementor-section-height-default elementor-invisible\" data-id=\"03f2810\" data-element_type=\"section\" data-e-type=\"section\" data-settings=\"{&quot;background_background&quot;:&quot;classic&quot;,&quot;animation&quot;:&quot;fadeInUp&quot;}\">\n\t\t\t\t\t\t\t<div class=\"elementor-background-overlay\"><\/div>\n\t\t\t\t\t\t\t<div class=\"elementor-container elementor-column-gap-default\">\n\t\t\t\t\t<div class=\"elementor-column elementor-col-100 elementor-inner-column elementor-element elementor-element-f1c3e75\" data-id=\"f1c3e75\" data-element_type=\"column\" data-e-type=\"column\">\n\t\t\t<div class=\"elementor-widget-wrap elementor-element-populated\">\n\t\t\t\t\t\t<div class=\"elementor-element elementor-element-11f2dfc elementor-widget elementor-widget-heading\" data-id=\"11f2dfc\" data-element_type=\"widget\" data-e-type=\"widget\" data-widget_type=\"heading.default\">\n\t\t\t\t<div class=\"elementor-widget-container\">\n\t\t\t\t\t<h2 class=\"elementor-heading-title elementor-size-default\">INTERNATIONALES FAMILIENRECHT\n<\/h2>\t\t\t\t<\/div>\n\t\t\t\t<\/div>\n\t\t\t\t<div class=\"elementor-element elementor-element-a4a8548 elementor-widget-divider--view-line_icon elementor-view-default elementor-widget-divider--element-align-center elementor-widget elementor-widget-divider\" data-id=\"a4a8548\" data-element_type=\"widget\" data-e-type=\"widget\" data-widget_type=\"divider.default\">\n\t\t\t\t<div class=\"elementor-widget-container\">\n\t\t\t\t\t\t\t<div class=\"elementor-divider\">\n\t\t\t<span class=\"elementor-divider-separator\">\n\t\t\t\t\t\t\t<div class=\"elementor-icon elementor-divider__element\">\n\t\t\t\t\t<i aria-hidden=\"true\" class=\"fas fa-star\"><\/i><\/div>\n\t\t\t\t\t\t<\/span>\n\t\t<\/div>\n\t\t\t\t\t\t<\/div>\n\t\t\t\t<\/div>\n\t\t\t\t<div class=\"elementor-element elementor-element-1d1a755 elementor-widget elementor-widget-text-editor\" data-id=\"1d1a755\" data-element_type=\"widget\" data-e-type=\"widget\" data-widget_type=\"text-editor.default\">\n\t\t\t\t<div class=\"elementor-widget-container\">\n\t\t\t\t\t\t\t\t\t<p>Ehe, Trennung, Scheidung, Adoption oder Unterhaltspflicht geh\u00f6ren bei vielen Menschen zum Alltag dazu, k\u00f6nnen jedoch unter die Gesetzgebung von mehreren L\u00e4ndern fallen. Einige Punkte, die durch ausl\u00e4ndisches Recht geregelt sind und bei denen sich der Rechtsstatus \u00e4ndert, m\u00fcssen dem Ursprungsland kundgegeben werden. Daher ist es ratsam, professionelle Hilfe zu suchen, v.a. wenn ausl\u00e4ndische Beschl\u00fcsse in Brasilien anerkannt und geltend gemacht werden m\u00fcssen.<\/p>\t\t\t\t\t\t\t\t<\/div>\n\t\t\t\t<\/div>\n\t\t\t\t\t<\/div>\n\t\t<\/div>\n\t\t\t\t\t<\/div>\n\t\t<\/section>\n\t\t\t\t<div class=\"elementor-element elementor-element-db974ac elementor-widget elementor-widget-menu-anchor\" data-id=\"db974ac\" data-element_type=\"widget\" data-e-type=\"widget\" data-widget_type=\"menu-anchor.default\">\n\t\t\t\t<div class=\"elementor-widget-container\">\n\t\t\t\t\t\t\t<div class=\"elementor-menu-anchor\" id=\"migration\"><\/div>\n\t\t\t\t\t\t<\/div>\n\t\t\t\t<\/div>\n\t\t\t\t<section class=\"elementor-section elementor-inner-section elementor-element elementor-element-2462dfc elementor-section-boxed elementor-section-height-default elementor-section-height-default elementor-invisible\" data-id=\"2462dfc\" data-element_type=\"section\" data-e-type=\"section\" data-settings=\"{&quot;background_background&quot;:&quot;classic&quot;,&quot;animation&quot;:&quot;fadeInUp&quot;}\">\n\t\t\t\t\t\t\t<div class=\"elementor-background-overlay\"><\/div>\n\t\t\t\t\t\t\t<div class=\"elementor-container elementor-column-gap-default\">\n\t\t\t\t\t<div class=\"elementor-column elementor-col-100 elementor-inner-column elementor-element elementor-element-44eff97\" data-id=\"44eff97\" data-element_type=\"column\" data-e-type=\"column\">\n\t\t\t<div class=\"elementor-widget-wrap elementor-element-populated\">\n\t\t\t\t\t\t<div class=\"elementor-element elementor-element-5c3f807 elementor-widget elementor-widget-heading\" data-id=\"5c3f807\" data-element_type=\"widget\" data-e-type=\"widget\" data-widget_type=\"heading.default\">\n\t\t\t\t<div class=\"elementor-widget-container\">\n\t\t\t\t\t<h2 class=\"elementor-heading-title elementor-size-default\">EINWANDERUNGSRECHT\n<\/h2>\t\t\t\t<\/div>\n\t\t\t\t<\/div>\n\t\t\t\t<div class=\"elementor-element elementor-element-27475c7 elementor-widget-divider--view-line_icon elementor-view-default elementor-widget-divider--element-align-center elementor-widget elementor-widget-divider\" data-id=\"27475c7\" data-element_type=\"widget\" data-e-type=\"widget\" data-widget_type=\"divider.default\">\n\t\t\t\t<div class=\"elementor-widget-container\">\n\t\t\t\t\t\t\t<div class=\"elementor-divider\">\n\t\t\t<span class=\"elementor-divider-separator\">\n\t\t\t\t\t\t\t<div class=\"elementor-icon elementor-divider__element\">\n\t\t\t\t\t<i aria-hidden=\"true\" class=\"fas fa-star\"><\/i><\/div>\n\t\t\t\t\t\t<\/span>\n\t\t<\/div>\n\t\t\t\t\t\t<\/div>\n\t\t\t\t<\/div>\n\t\t\t\t<div class=\"elementor-element elementor-element-d10b595 elementor-widget elementor-widget-text-editor\" data-id=\"d10b595\" data-element_type=\"widget\" data-e-type=\"widget\" data-widget_type=\"text-editor.default\">\n\t\t\t\t<div class=\"elementor-widget-container\">\n\t\t\t\t\t\t\t\t\t<p>Ausl\u00e4ndische Personen, die in Brasilien leben oder sogar sesshaft werden m\u00f6chten, m\u00fcssen ein Visum bei den nationalen Beh\u00f6rden beantragen. Ein Rechtsexperte f\u00fcr brasilianisches Recht kann Auskunft zu den erforderlichen Formalit\u00e4ten geben und den Einb\u00fcrgerungsprozess begleiten. Au\u00dferdem kann es vorkommen, dass ausl\u00e4ndische Personen Hilfe bei Steuerfragen ben\u00f6tigen, z. B. welche Steuern anfallen oder wie sie ihr Einkommen und Verm\u00f6gen richtig versteuern.<br \/>Wer ein Unternehmen in Brasilien gr\u00fcnden m\u00f6chte, ben\u00f6tigt Hilfe zur Rechtslage und den erforderlichen Aktivit\u00e4ten. Und wer seinen Beruf in Brasilien aus\u00fcben m\u00f6chte, kann sich Hilfe zur Anerkennung seines Abschlusses und seiner Karriere in diesem Land holen.<\/p>\t\t\t\t\t\t\t\t<\/div>\n\t\t\t\t<\/div>\n\t\t\t\t\t<\/div>\n\t\t<\/div>\n\t\t\t\t\t<\/div>\n\t\t<\/section>\n\t\t\t\t<div class=\"elementor-element elementor-element-bd66ca9 elementor-widget elementor-widget-menu-anchor\" data-id=\"bd66ca9\" data-element_type=\"widget\" data-e-type=\"widget\" data-widget_type=\"menu-anchor.default\">\n\t\t\t\t<div class=\"elementor-widget-container\">\n\t\t\t\t\t\t\t<div class=\"elementor-menu-anchor\" id=\"realestate\"><\/div>\n\t\t\t\t\t\t<\/div>\n\t\t\t\t<\/div>\n\t\t\t\t<section class=\"elementor-section elementor-inner-section elementor-element elementor-element-6bcac60 elementor-section-boxed elementor-section-height-default elementor-section-height-default elementor-invisible\" data-id=\"6bcac60\" data-element_type=\"section\" data-e-type=\"section\" data-settings=\"{&quot;background_background&quot;:&quot;classic&quot;,&quot;animation&quot;:&quot;fadeInUp&quot;}\">\n\t\t\t\t\t\t\t<div class=\"elementor-background-overlay\"><\/div>\n\t\t\t\t\t\t\t<div class=\"elementor-container elementor-column-gap-default\">\n\t\t\t\t\t<div class=\"elementor-column elementor-col-100 elementor-inner-column elementor-element elementor-element-5a205d1\" data-id=\"5a205d1\" data-element_type=\"column\" data-e-type=\"column\">\n\t\t\t<div class=\"elementor-widget-wrap elementor-element-populated\">\n\t\t\t\t\t\t<div class=\"elementor-element elementor-element-2505ec2 elementor-widget elementor-widget-heading\" data-id=\"2505ec2\" data-element_type=\"widget\" data-e-type=\"widget\" data-widget_type=\"heading.default\">\n\t\t\t\t<div class=\"elementor-widget-container\">\n\t\t\t\t\t<h2 class=\"elementor-heading-title elementor-size-default\">IMMOBILIENRECHT\n<\/h2>\t\t\t\t<\/div>\n\t\t\t\t<\/div>\n\t\t\t\t<div class=\"elementor-element elementor-element-3ac9619 elementor-widget-divider--view-line_icon elementor-view-default elementor-widget-divider--element-align-center elementor-widget elementor-widget-divider\" data-id=\"3ac9619\" data-element_type=\"widget\" data-e-type=\"widget\" data-widget_type=\"divider.default\">\n\t\t\t\t<div class=\"elementor-widget-container\">\n\t\t\t\t\t\t\t<div class=\"elementor-divider\">\n\t\t\t<span class=\"elementor-divider-separator\">\n\t\t\t\t\t\t\t<div class=\"elementor-icon elementor-divider__element\">\n\t\t\t\t\t<i aria-hidden=\"true\" class=\"fas fa-star\"><\/i><\/div>\n\t\t\t\t\t\t<\/span>\n\t\t<\/div>\n\t\t\t\t\t\t<\/div>\n\t\t\t\t<\/div>\n\t\t\t\t<div class=\"elementor-element elementor-element-afb38b9 elementor-widget elementor-widget-text-editor\" data-id=\"afb38b9\" data-element_type=\"widget\" data-e-type=\"widget\" data-widget_type=\"text-editor.default\">\n\t\t\t\t<div class=\"elementor-widget-container\">\n\t\t\t\t\t\t\t\t\t<p>Allgemein haben ausl\u00e4ndische Personen das Recht Immobilien in Brasilien zu erwerben. Sie m\u00fcssen jedoch vorsichtig sein, wenn sie einen Kaufvertrag unterzeichnen, insbesondere wenn sie nicht in dem Land leben oder das brasilianische Recht noch nicht so gut verstehen. Bevor es zur Unterzeichnung eines Kaufvertrags kommt, sollte ein genaues Gutachten der Immobilie erstellt werden und eine \u00dcberpr\u00fcfung des Eigent\u00fcmers vorgenommen werden. Meist m\u00fcssen zudem andere Ma\u00dfnahmen ergriffen werden, um Probleme in der Zukunft zu vermeiden. Es ist daher von gr\u00f6\u00dfter Bedeutung, sich von einem nationalen Rechtsexperten beraten zu lassen, um einen Kauf, speziell einen Immobilienkauf, in Brasilien auszuhandeln.<\/p>\t\t\t\t\t\t\t\t<\/div>\n\t\t\t\t<\/div>\n\t\t\t\t\t<\/div>\n\t\t<\/div>\n\t\t\t\t\t<\/div>\n\t\t<\/section>\n\t\t\t\t\t<\/div>\n\t\t<\/div>\n\t\t\t\t\t<\/div>\n\t\t<\/section>\n\t\t\t\t<section class=\"elementor-section elementor-top-section elementor-element elementor-element-f7835af elementor-section-boxed elementor-section-height-default elementor-section-height-default\" data-id=\"f7835af\" data-element_type=\"section\" data-e-type=\"section\">\n\t\t\t\t\t\t<div class=\"elementor-container elementor-column-gap-default\">\n\t\t\t\t\t<div class=\"elementor-column elementor-col-100 elementor-top-column elementor-element elementor-element-6501b96\" data-id=\"6501b96\" data-element_type=\"column\" data-e-type=\"column\">\n\t\t\t<div class=\"elementor-widget-wrap elementor-element-populated\">\n\t\t\t\t\t\t<div class=\"elementor-element elementor-element-a6c7f06 elementor-align-center elementor-widget elementor-widget-button\" data-id=\"a6c7f06\" data-element_type=\"widget\" data-e-type=\"widget\" data-widget_type=\"button.default\">\n\t\t\t\t<div class=\"elementor-widget-container\">\n\t\t\t\t\t\t\t\t\t<div class=\"elementor-button-wrapper\">\n\t\t\t\t\t<a class=\"elementor-button elementor-button-link elementor-size-sm\" href=\"https:\/\/advogadabrasil.com\/de\/brasilien-ilheus-schweiz-genf\/\">\n\t\t\t\t\t\t<span class=\"elementor-button-content-wrapper\">\n\t\t\t\t\t\t\t\t\t<span class=\"elementor-button-text\">Kontact<\/span>\n\t\t\t\t\t<\/span>\n\t\t\t\t\t<\/a>\n\t\t\t\t<\/div>\n\t\t\t\t\t\t\t\t<\/div>\n\t\t\t\t<\/div>\n\t\t\t\t\t<\/div>\n\t\t<\/div>\n\t\t\t\t\t<\/div>\n\t\t<\/section>\n\t\t\t\t<\/div>\n\t\t","protected":false},"excerpt":{"rendered":"<p>Spezialgebiete Als brasilianische Rechtsanw\u00e4ltin mit Wohnsitz im Ausland biete ich effiziente und hochwertige Dienste f\u00fcr ausl\u00e4ndische Personen oder Brasilianer an, die im Ausland leben. Meine Spezialgebiete sind u. a. Familienrecht, Einwanderungsrecht und Immobilienrecht. INTERNATIONALES FAMILIENRECHT Ehe, Trennung, Scheidung, Adoption oder Unterhaltspflicht geh\u00f6ren bei vielen Menschen zum Alltag dazu, k\u00f6nnen jedoch unter die Gesetzgebung von mehreren [&hellip;]<\/p>\n","protected":false},"author":1,"featured_media":0,"parent":0,"menu_order":0,"comment_status":"closed","ping_status":"closed","template":"","meta":{"inline_featured_image":false,"footnotes":""},"class_list":["post-1330","page","type-page","status-publish","hentry"],"yoast_head":"<!-- This site is optimized with the Yoast SEO plugin v27.3 - https:\/\/yoast.com\/product\/yoast-seo-wordpress\/ -->\n<title>Internationales Familienrecht Ehe Trennung Scheidung<\/title>\n<meta name=\"description\" content=\"Internationales Familienrecht Ehe Trennung Scheidung. Ausl\u00e4ndisches Recht. Sie ben\u00f6tigen ein Dokument oder ein Zertifikat aus Brasilien. Immobilienrecht. Immobilie in Brasilien kaufen.\" \/>\n<meta name=\"robots\" content=\"index, follow, max-snippet:-1, max-image-preview:large, max-video-preview:-1\" \/>\n<link rel=\"canonical\" href=\"https:\/\/advogadabrasil.com\/de\/ehe-trennung-scheidung\/\" \/>\n<meta property=\"og:locale\" content=\"de_DE\" \/>\n<meta property=\"og:type\" content=\"article\" \/>\n<meta property=\"og:title\" content=\"Internationales Familienrecht Ehe Trennung Scheidung\" \/>\n<meta property=\"og:description\" content=\"Internationales Familienrecht Ehe Trennung Scheidung. Ausl\u00e4ndisches Recht. Sie ben\u00f6tigen ein Dokument oder ein Zertifikat aus Brasilien. Immobilienrecht. Immobilie in Brasilien kaufen.\" \/>\n<meta property=\"og:url\" content=\"https:\/\/advogadabrasil.com\/de\/ehe-trennung-scheidung\/\" \/>\n<meta property=\"og:site_name\" content=\"Lawyer Brazil for foreigners and Brazilians\" \/>\n<meta property=\"article:modified_time\" content=\"2021-04-20T11:43:56+00:00\" \/>\n<meta name=\"twitter:card\" content=\"summary_large_image\" \/>\n<meta name=\"twitter:label1\" content=\"Gesch\u00e4tzte Lesezeit\" \/>\n\t<meta name=\"twitter:data1\" content=\"2\u00a0Minuten\" \/>\n<script type=\"application\/ld+json\" class=\"yoast-schema-graph\">{\"@context\":\"https:\\\/\\\/schema.org\",\"@graph\":[{\"@type\":\"WebPage\",\"@id\":\"https:\\\/\\\/advogadabrasil.com\\\/de\\\/ehe-trennung-scheidung\\\/\",\"url\":\"https:\\\/\\\/advogadabrasil.com\\\/de\\\/ehe-trennung-scheidung\\\/\",\"name\":\"Internationales Familienrecht Ehe Trennung Scheidung\",\"isPartOf\":{\"@id\":\"https:\\\/\\\/advogadabrasil.com\\\/de\\\/#website\"},\"datePublished\":\"2017-10-03T08:24:16+00:00\",\"dateModified\":\"2021-04-20T11:43:56+00:00\",\"description\":\"Internationales Familienrecht Ehe Trennung Scheidung. Ausl\u00e4ndisches Recht. Sie ben\u00f6tigen ein Dokument oder ein Zertifikat aus Brasilien. Immobilienrecht. Immobilie in Brasilien kaufen.\",\"breadcrumb\":{\"@id\":\"https:\\\/\\\/advogadabrasil.com\\\/de\\\/ehe-trennung-scheidung\\\/#breadcrumb\"},\"inLanguage\":\"de\",\"potentialAction\":[{\"@type\":\"ReadAction\",\"target\":[\"https:\\\/\\\/advogadabrasil.com\\\/de\\\/ehe-trennung-scheidung\\\/\"]}]},{\"@type\":\"BreadcrumbList\",\"@id\":\"https:\\\/\\\/advogadabrasil.com\\\/de\\\/ehe-trennung-scheidung\\\/#breadcrumb\",\"itemListElement\":[{\"@type\":\"ListItem\",\"position\":1,\"name\":\"Accueil\",\"item\":\"https:\\\/\\\/advogadabrasil.com\\\/de\\\/\"},{\"@type\":\"ListItem\",\"position\":2,\"name\":\"SPEZIALGEBIETE\"}]},{\"@type\":\"WebSite\",\"@id\":\"https:\\\/\\\/advogadabrasil.com\\\/de\\\/#website\",\"url\":\"https:\\\/\\\/advogadabrasil.com\\\/de\\\/\",\"name\":\"Advogada Advogado Brasil\",\"description\":\"Are you looking to start up a business - Buy property - Need a document\",\"publisher\":{\"@id\":\"https:\\\/\\\/advogadabrasil.com\\\/de\\\/#organization\"},\"potentialAction\":[{\"@type\":\"SearchAction\",\"target\":{\"@type\":\"EntryPoint\",\"urlTemplate\":\"https:\\\/\\\/advogadabrasil.com\\\/de\\\/?s={search_term_string}\"},\"query-input\":{\"@type\":\"PropertyValueSpecification\",\"valueRequired\":true,\"valueName\":\"search_term_string\"}}],\"inLanguage\":\"de\"},{\"@type\":\"Organization\",\"@id\":\"https:\\\/\\\/advogadabrasil.com\\\/de\\\/#organization\",\"name\":\"Advogada Brasil\",\"url\":\"https:\\\/\\\/advogadabrasil.com\\\/de\\\/\",\"logo\":{\"@type\":\"ImageObject\",\"inLanguage\":\"de\",\"@id\":\"https:\\\/\\\/advogadabrasil.com\\\/de\\\/#\\\/schema\\\/logo\\\/image\\\/\",\"url\":\"https:\\\/\\\/advogadabrasil.com\\\/wp-content\\\/uploads\\\/2017\\\/05\\\/marta-serafim-advogada-1.png\",\"contentUrl\":\"https:\\\/\\\/advogadabrasil.com\\\/wp-content\\\/uploads\\\/2017\\\/05\\\/marta-serafim-advogada-1.png\",\"width\":232,\"height\":60,\"caption\":\"Advogada Brasil\"},\"image\":{\"@id\":\"https:\\\/\\\/advogadabrasil.com\\\/de\\\/#\\\/schema\\\/logo\\\/image\\\/\"},\"sameAs\":[\"https:\\\/\\\/www.instagram.com\\\/advogada_brasil\\\/?hl=fr\",\"https:\\\/\\\/www.linkedin.com\\\/in\\\/marta-serafim-2178bb16\\\/\"]}]}<\/script>\n<!-- \/ Yoast SEO plugin. -->","yoast_head_json":{"title":"Internationales Familienrecht Ehe Trennung Scheidung","description":"Internationales Familienrecht Ehe Trennung Scheidung. Ausl\u00e4ndisches Recht. Sie ben\u00f6tigen ein Dokument oder ein Zertifikat aus Brasilien. Immobilienrecht. Immobilie in Brasilien kaufen.","robots":{"index":"index","follow":"follow","max-snippet":"max-snippet:-1","max-image-preview":"max-image-preview:large","max-video-preview":"max-video-preview:-1"},"canonical":"https:\/\/advogadabrasil.com\/de\/ehe-trennung-scheidung\/","og_locale":"de_DE","og_type":"article","og_title":"Internationales Familienrecht Ehe Trennung Scheidung","og_description":"Internationales Familienrecht Ehe Trennung Scheidung. Ausl\u00e4ndisches Recht. Sie ben\u00f6tigen ein Dokument oder ein Zertifikat aus Brasilien. Immobilienrecht. Immobilie in Brasilien kaufen.","og_url":"https:\/\/advogadabrasil.com\/de\/ehe-trennung-scheidung\/","og_site_name":"Lawyer Brazil for foreigners and Brazilians","article_modified_time":"2021-04-20T11:43:56+00:00","twitter_card":"summary_large_image","twitter_misc":{"Gesch\u00e4tzte Lesezeit":"2\u00a0Minuten"},"schema":{"@context":"https:\/\/schema.org","@graph":[{"@type":"WebPage","@id":"https:\/\/advogadabrasil.com\/de\/ehe-trennung-scheidung\/","url":"https:\/\/advogadabrasil.com\/de\/ehe-trennung-scheidung\/","name":"Internationales Familienrecht Ehe Trennung Scheidung","isPartOf":{"@id":"https:\/\/advogadabrasil.com\/de\/#website"},"datePublished":"2017-10-03T08:24:16+00:00","dateModified":"2021-04-20T11:43:56+00:00","description":"Internationales Familienrecht Ehe Trennung Scheidung. Ausl\u00e4ndisches Recht. Sie ben\u00f6tigen ein Dokument oder ein Zertifikat aus Brasilien. Immobilienrecht. Immobilie in Brasilien kaufen.","breadcrumb":{"@id":"https:\/\/advogadabrasil.com\/de\/ehe-trennung-scheidung\/#breadcrumb"},"inLanguage":"de","potentialAction":[{"@type":"ReadAction","target":["https:\/\/advogadabrasil.com\/de\/ehe-trennung-scheidung\/"]}]},{"@type":"BreadcrumbList","@id":"https:\/\/advogadabrasil.com\/de\/ehe-trennung-scheidung\/#breadcrumb","itemListElement":[{"@type":"ListItem","position":1,"name":"Accueil","item":"https:\/\/advogadabrasil.com\/de\/"},{"@type":"ListItem","position":2,"name":"SPEZIALGEBIETE"}]},{"@type":"WebSite","@id":"https:\/\/advogadabrasil.com\/de\/#website","url":"https:\/\/advogadabrasil.com\/de\/","name":"Advogada Advogado Brasil","description":"Are you looking to start up a business - Buy property - Need a document","publisher":{"@id":"https:\/\/advogadabrasil.com\/de\/#organization"},"potentialAction":[{"@type":"SearchAction","target":{"@type":"EntryPoint","urlTemplate":"https:\/\/advogadabrasil.com\/de\/?s={search_term_string}"},"query-input":{"@type":"PropertyValueSpecification","valueRequired":true,"valueName":"search_term_string"}}],"inLanguage":"de"},{"@type":"Organization","@id":"https:\/\/advogadabrasil.com\/de\/#organization","name":"Advogada Brasil","url":"https:\/\/advogadabrasil.com\/de\/","logo":{"@type":"ImageObject","inLanguage":"de","@id":"https:\/\/advogadabrasil.com\/de\/#\/schema\/logo\/image\/","url":"https:\/\/advogadabrasil.com\/wp-content\/uploads\/2017\/05\/marta-serafim-advogada-1.png","contentUrl":"https:\/\/advogadabrasil.com\/wp-content\/uploads\/2017\/05\/marta-serafim-advogada-1.png","width":232,"height":60,"caption":"Advogada Brasil"},"image":{"@id":"https:\/\/advogadabrasil.com\/de\/#\/schema\/logo\/image\/"},"sameAs":["https:\/\/www.instagram.com\/advogada_brasil\/?hl=fr","https:\/\/www.linkedin.com\/in\/marta-serafim-2178bb16\/"]}]}},"_links":{"self":[{"href":"https:\/\/advogadabrasil.com\/de\/wp-json\/wp\/v2\/pages\/1330","targetHints":{"allow":["GET"]}}],"collection":[{"href":"https:\/\/advogadabrasil.com\/de\/wp-json\/wp\/v2\/pages"}],"about":[{"href":"https:\/\/advogadabrasil.com\/de\/wp-json\/wp\/v2\/types\/page"}],"author":[{"embeddable":true,"href":"https:\/\/advogadabrasil.com\/de\/wp-json\/wp\/v2\/users\/1"}],"replies":[{"embeddable":true,"href":"https:\/\/advogadabrasil.com\/de\/wp-json\/wp\/v2\/comments?post=1330"}],"version-history":[{"count":0,"href":"https:\/\/advogadabrasil.com\/de\/wp-json\/wp\/v2\/pages\/1330\/revisions"}],"wp:attachment":[{"href":"https:\/\/advogadabrasil.com\/de\/wp-json\/wp\/v2\/media?parent=1330"}],"curies":[{"name":"wp","href":"https:\/\/api.w.org\/{rel}","templated":true}]}}