{"id":1329,"date":"2016-08-22T10:29:51","date_gmt":"2016-08-22T10:29:51","guid":{"rendered":"http:\/\/advogadabrasil.com\/uber-mich\/"},"modified":"2021-04-19T10:46:16","modified_gmt":"2021-04-19T08:46:16","slug":"rechtsanwalt-brasilien-marta-serafim","status":"publish","type":"page","link":"https:\/\/advogadabrasil.com\/de\/rechtsanwalt-brasilien-marta-serafim\/","title":{"rendered":"\u00dcBER MICH"},"content":{"rendered":"\t\t<div data-elementor-type=\"wp-page\" data-elementor-id=\"1329\" class=\"elementor elementor-1329 elementor-10\" data-elementor-post-type=\"page\">\n\t\t\t\t\t\t<section class=\"elementor-section elementor-top-section elementor-element elementor-element-880aada elementor-section-height-min-height elementor-section-boxed elementor-section-height-default elementor-section-items-middle\" data-id=\"880aada\" data-element_type=\"section\" data-e-type=\"section\" data-settings=\"{&quot;background_background&quot;:&quot;classic&quot;}\">\n\t\t\t\t\t\t<div class=\"elementor-container elementor-column-gap-default\">\n\t\t\t\t\t<div class=\"elementor-column elementor-col-100 elementor-top-column elementor-element elementor-element-20d8c7c\" data-id=\"20d8c7c\" data-element_type=\"column\" data-e-type=\"column\">\n\t\t\t<div class=\"elementor-widget-wrap\">\n\t\t\t\t\t\t\t<\/div>\n\t\t<\/div>\n\t\t\t\t\t<\/div>\n\t\t<\/section>\n\t\t\t\t<section class=\"elementor-section elementor-top-section elementor-element elementor-element-6876c0b elementor-section-boxed elementor-section-height-default elementor-section-height-default\" data-id=\"6876c0b\" data-element_type=\"section\" data-e-type=\"section\">\n\t\t\t\t\t\t<div class=\"elementor-container elementor-column-gap-default\">\n\t\t\t\t\t<div class=\"elementor-column elementor-col-50 elementor-top-column elementor-element elementor-element-6aab422\" data-id=\"6aab422\" data-element_type=\"column\" data-e-type=\"column\">\n\t\t\t<div class=\"elementor-widget-wrap elementor-element-populated\">\n\t\t\t\t\t\t<div class=\"elementor-element elementor-element-112b722 elementor-invisible elementor-widget elementor-widget-heading\" data-id=\"112b722\" data-element_type=\"widget\" data-e-type=\"widget\" data-settings=\"{&quot;_animation&quot;:&quot;fadeInUp&quot;}\" data-widget_type=\"heading.default\">\n\t\t\t\t<div class=\"elementor-widget-container\">\n\t\t\t\t\t<h1 class=\"elementor-heading-title elementor-size-default\">\u00dcBER MICH\n<\/h1>\t\t\t\t<\/div>\n\t\t\t\t<\/div>\n\t\t\t\t<div class=\"elementor-element elementor-element-7807a60 elementor-invisible elementor-widget elementor-widget-text-editor\" data-id=\"7807a60\" data-element_type=\"widget\" data-e-type=\"widget\" data-settings=\"{&quot;_animation&quot;:&quot;fadeIn&quot;}\" data-widget_type=\"text-editor.default\">\n\t\t\t\t<div class=\"elementor-widget-container\">\n\t\t\t\t\t\t\t\t\t<p>Wer in ein anderes Land zieht, verliert nicht automatisch alle Verbindungen zu seinem Heimatland. Meist ist man in dem ein oder anderen Punkt weiterhin an das Gesetz des Heimatlandes gebunden.<\/p><p>Und auch wer in einem fremden Land investieren m\u00f6chte, sieht sich zahlreiche Situationen konfrontiert, in denen das Recht dieses Lands gefragt ist. Man muss es verstehen und sich daran halten. Zudem ist ein Verst\u00e4ndnis der soziokulturellen Umgebung von gro\u00dfem Vorteil.<\/p><p>Genau aus diesen Gr\u00fcnden spielen Experten f\u00fcr das nationale Recht eine wichtige Rolle. Sie vermitteln Wissen und geben Tipps zu Verhaltensweisen bei derlei Angelegenheiten, die auch ausl\u00e4ndisches Recht betreffen.<\/p><p>Diese Website soll Privatpersonen und juristischen Personen Rechtsauskunft bei Fragen rund um das Recht in Brasilien, aber auch das Recht in anderen L\u00e4ndern in Verbindung mit dem Recht in Brasilien bieten.<\/p><p>Ich bin im brasilianischen Anwaltsverzeichnis \u201eOrdem dos Advogados do Brasil &#8211; Se\u00e7\u00e3o Bahia\u201c unter der Nummer:12,724 registriert, kann mehr als zehn Jahre Berufserfahrung als praktizierende Rechtsanw\u00e4ltin im S\u00fcden von Bahia vorweisen und bin zudem als Dozentin f\u00fcr Internationales Recht t\u00e4tig. Im Laufe meiner Karriere hatte ich bereits die Position als Gemeinde Anw\u00e4ltin von Ilh\u00e9us inne.<\/p><p>Ich lebte \u00fcber zehn Jahren im schweizerischen Genf, wo ich einen Master-Abschluss in Entwicklungsstudien mit Spezialisierung auf Internationale Kooperation am renommierten Institute of International and Development Studies (IHEID) an der Genfer Universit\u00e4t erlangte. Ich arbeitete bereits als Junior Legal Adviser f\u00fcr das ILO Programme on HIV\/AIDS and the World of Work Branch (ILOAIDS) von der International Labour Organization (ILO). \u00dcberdies war ich als Dolmetscherin und \u00dcbersetzerin t\u00e4tig. Derzeit bin ich Vorstandsmitglied und Lehrerin f\u00fcr Portugiesisch an der Ra\u00edzes Association f\u00fcr brasilianische Sprache und Kultur in Genf sowie kaufm\u00e4nnische Beraterin f\u00fcr das Unternehmen Cart\u00f3rio Mais in der Gemeinde Mogi das Cruzes bei S\u00e3o Paulo.<\/p><p>Meine Arbeitssprachen sind Portugiesisch, Franz\u00f6sisch und Englisch.<\/p><p>Sollten Sie eine Rechtsberatung w\u00fcnschen, k\u00f6nnen Sie jederzeit Kontakt mit mir aufnehmen.<\/p>\t\t\t\t\t\t\t\t<\/div>\n\t\t\t\t<\/div>\n\t\t\t\t\t<\/div>\n\t\t<\/div>\n\t\t\t\t<div class=\"elementor-column elementor-col-50 elementor-top-column elementor-element elementor-element-486ba44\" data-id=\"486ba44\" data-element_type=\"column\" data-e-type=\"column\">\n\t\t\t<div class=\"elementor-widget-wrap elementor-element-populated\">\n\t\t\t\t\t\t<section class=\"elementor-section elementor-inner-section elementor-element elementor-element-e7ee19a elementor-section-boxed elementor-section-height-default elementor-section-height-default elementor-invisible\" data-id=\"e7ee19a\" data-element_type=\"section\" data-e-type=\"section\" data-settings=\"{&quot;background_background&quot;:&quot;classic&quot;,&quot;animation&quot;:&quot;fadeInUp&quot;}\">\n\t\t\t\t\t\t\t<div class=\"elementor-background-overlay\"><\/div>\n\t\t\t\t\t\t\t<div class=\"elementor-container elementor-column-gap-default\">\n\t\t\t\t\t<div class=\"elementor-column elementor-col-100 elementor-inner-column elementor-element elementor-element-7cf02ba\" data-id=\"7cf02ba\" data-element_type=\"column\" data-e-type=\"column\">\n\t\t\t<div class=\"elementor-widget-wrap elementor-element-populated\">\n\t\t\t\t\t\t<div class=\"elementor-element elementor-element-ef705ee elementor-widget elementor-widget-heading\" data-id=\"ef705ee\" data-element_type=\"widget\" data-e-type=\"widget\" data-widget_type=\"heading.default\">\n\t\t\t\t<div class=\"elementor-widget-container\">\n\t\t\t\t\t<h2 class=\"elementor-heading-title elementor-size-default\">KONTAKT IN BRASILIEN\n<\/h2>\t\t\t\t<\/div>\n\t\t\t\t<\/div>\n\t\t\t\t<div class=\"elementor-element elementor-element-f9e97ad elementor-widget-divider--view-line_icon elementor-view-default elementor-widget-divider--element-align-center elementor-widget elementor-widget-divider\" data-id=\"f9e97ad\" data-element_type=\"widget\" data-e-type=\"widget\" data-widget_type=\"divider.default\">\n\t\t\t\t<div class=\"elementor-widget-container\">\n\t\t\t\t\t\t\t<div class=\"elementor-divider\">\n\t\t\t<span class=\"elementor-divider-separator\">\n\t\t\t\t\t\t\t<div class=\"elementor-icon elementor-divider__element\">\n\t\t\t\t\t<i aria-hidden=\"true\" class=\"fas fa-star\"><\/i><\/div>\n\t\t\t\t\t\t<\/span>\n\t\t<\/div>\n\t\t\t\t\t\t<\/div>\n\t\t\t\t<\/div>\n\t\t\t\t<div class=\"elementor-element elementor-element-48c8f4b elementor-widget elementor-widget-text-editor\" data-id=\"48c8f4b\" data-element_type=\"widget\" data-e-type=\"widget\" data-widget_type=\"text-editor.default\">\n\t\t\t\t<div class=\"elementor-widget-container\">\n\t\t\t\t\t\t\t\t\t<p>Marta Serafim<br \/>Rua Quatorze de Agosto n \u00b0 70<br \/>CEP 45652-474<br \/>Ilh\u00e9us, Bahia, Brazil<br \/><span style=\"vertical-align: inherit;\"><span style=\"vertical-align: inherit;\"><span style=\"vertical-align: inherit;\"><span style=\"vertical-align: inherit;\"><span style=\"vertical-align: inherit;\"><span style=\"vertical-align: inherit;\">Email:\u00a0 <\/span><\/span><\/span><\/span><\/span><\/span><span style=\"color: #ffffff;\"><a style=\"color: #ffffff;\" href=\"mailto:marta@advogadabrasil.com\"><span style=\"vertical-align: inherit;\"><span style=\"vertical-align: inherit;\"><span style=\"vertical-align: inherit;\"><span style=\"vertical-align: inherit;\"><span style=\"vertical-align: inherit;\"><span style=\"vertical-align: inherit;\">marta@advogadabrasil.com<\/span><\/span><\/span><\/span><\/span><\/span><\/a><\/span><\/p>\t\t\t\t\t\t\t\t<\/div>\n\t\t\t\t<\/div>\n\t\t\t\t\t<\/div>\n\t\t<\/div>\n\t\t\t\t\t<\/div>\n\t\t<\/section>\n\t\t\t\t<section class=\"elementor-section elementor-inner-section elementor-element elementor-element-13026f4 elementor-section-boxed elementor-section-height-default elementor-section-height-default elementor-invisible\" data-id=\"13026f4\" data-element_type=\"section\" data-e-type=\"section\" data-settings=\"{&quot;background_background&quot;:&quot;classic&quot;,&quot;animation&quot;:&quot;fadeInUp&quot;}\">\n\t\t\t\t\t\t\t<div class=\"elementor-background-overlay\"><\/div>\n\t\t\t\t\t\t\t<div class=\"elementor-container elementor-column-gap-default\">\n\t\t\t\t\t<div class=\"elementor-column elementor-col-100 elementor-inner-column elementor-element elementor-element-a28cdff\" data-id=\"a28cdff\" data-element_type=\"column\" data-e-type=\"column\">\n\t\t\t<div class=\"elementor-widget-wrap elementor-element-populated\">\n\t\t\t\t\t\t<div class=\"elementor-element elementor-element-633175a elementor-widget elementor-widget-heading\" data-id=\"633175a\" data-element_type=\"widget\" data-e-type=\"widget\" data-widget_type=\"heading.default\">\n\t\t\t\t<div class=\"elementor-widget-container\">\n\t\t\t\t\t<h2 class=\"elementor-heading-title elementor-size-default\">KONTAKT IN DER SCHWEIZ\n<\/h2>\t\t\t\t<\/div>\n\t\t\t\t<\/div>\n\t\t\t\t<div class=\"elementor-element elementor-element-e390f44 elementor-widget-divider--view-line_icon elementor-view-default elementor-widget-divider--element-align-center elementor-widget elementor-widget-divider\" data-id=\"e390f44\" data-element_type=\"widget\" data-e-type=\"widget\" data-widget_type=\"divider.default\">\n\t\t\t\t<div class=\"elementor-widget-container\">\n\t\t\t\t\t\t\t<div class=\"elementor-divider\">\n\t\t\t<span class=\"elementor-divider-separator\">\n\t\t\t\t\t\t\t<div class=\"elementor-icon elementor-divider__element\">\n\t\t\t\t\t<i aria-hidden=\"true\" class=\"fas fa-star\"><\/i><\/div>\n\t\t\t\t\t\t<\/span>\n\t\t<\/div>\n\t\t\t\t\t\t<\/div>\n\t\t\t\t<\/div>\n\t\t\t\t<div class=\"elementor-element elementor-element-b0b2de6 elementor-widget elementor-widget-text-editor\" data-id=\"b0b2de6\" data-element_type=\"widget\" data-e-type=\"widget\" data-widget_type=\"text-editor.default\">\n\t\t\t\t<div class=\"elementor-widget-container\">\n\t\t\t\t\t\t\t\t\t<p>Marta Serafim<br \/>3 rue de la Fa\u00efencerie<br \/>1227 Gen\u00e8ve<br \/>Suisse<br \/><span style=\"vertical-align: inherit;\"><span style=\"vertical-align: inherit;\"><span style=\"vertical-align: inherit;\"><span style=\"vertical-align: inherit;\"><span style=\"vertical-align: inherit;\"><span style=\"vertical-align: inherit;\"><span style=\"vertical-align: inherit;\"><span style=\"vertical-align: inherit;\">Email:\u00a0 <\/span><\/span><\/span><\/span><\/span><\/span><\/span><\/span><span style=\"color: #ffffff;\"><a style=\"color: #ffffff;\" href=\"mailto:marta@advogadabrasil.com\"><span style=\"vertical-align: inherit;\"><span style=\"vertical-align: inherit;\"><span style=\"vertical-align: inherit;\"><span style=\"vertical-align: inherit;\"><span style=\"vertical-align: inherit;\"><span style=\"vertical-align: inherit;\"><span style=\"vertical-align: inherit;\"><span style=\"vertical-align: inherit;\">marta@advogadabrasil.com<\/span><\/span><\/span><\/span><\/span><\/span><\/span><\/span><\/a><\/span><\/p>\t\t\t\t\t\t\t\t<\/div>\n\t\t\t\t<\/div>\n\t\t\t\t\t<\/div>\n\t\t<\/div>\n\t\t\t\t\t<\/div>\n\t\t<\/section>\n\t\t\t\t\t<\/div>\n\t\t<\/div>\n\t\t\t\t\t<\/div>\n\t\t<\/section>\n\t\t\t\t<\/div>\n\t\t","protected":false},"excerpt":{"rendered":"<p>\u00dcBER MICH Wer in ein anderes Land zieht, verliert nicht automatisch alle Verbindungen zu seinem Heimatland. Meist ist man in dem ein oder anderen Punkt weiterhin an das Gesetz des Heimatlandes gebunden. Und auch wer in einem fremden Land investieren m\u00f6chte, sieht sich zahlreiche Situationen konfrontiert, in denen das Recht dieses Lands gefragt ist. Man [&hellip;]<\/p>\n","protected":false},"author":1,"featured_media":0,"parent":0,"menu_order":0,"comment_status":"closed","ping_status":"closed","template":"","meta":{"inline_featured_image":false,"footnotes":""},"class_list":["post-1329","page","type-page","status-publish","hentry"],"yoast_head":"<!-- This site is optimized with the Yoast SEO plugin v27.4 - https:\/\/yoast.com\/product\/yoast-seo-wordpress\/ -->\n<title>Brasilianische Rechtsanw\u00e4ltin Marta Serafim Ilh\u00e9us Schweiz Genf<\/title>\n<meta name=\"description\" content=\"Brasilianische Rechtsanw\u00e4ltin Marta Serafim Ilh\u00e9us Schweiz Genf. Rechtsanw\u00e4ltin f\u00fcr internationales Recht und Kommunalrecht der Gemeinde Ilh\u00e9us.\" \/>\n<meta name=\"robots\" content=\"index, follow, max-snippet:-1, max-image-preview:large, max-video-preview:-1\" \/>\n<link rel=\"canonical\" href=\"https:\/\/advogadabrasil.com\/de\/rechtsanwalt-brasilien-marta-serafim\/\" \/>\n<meta property=\"og:locale\" content=\"de_DE\" \/>\n<meta property=\"og:type\" content=\"article\" \/>\n<meta property=\"og:title\" content=\"Brasilianische Rechtsanw\u00e4ltin Marta Serafim Ilh\u00e9us Schweiz Genf\" \/>\n<meta property=\"og:description\" content=\"Brasilianische Rechtsanw\u00e4ltin Marta Serafim Ilh\u00e9us Schweiz Genf. Rechtsanw\u00e4ltin f\u00fcr internationales Recht und Kommunalrecht der Gemeinde Ilh\u00e9us.\" \/>\n<meta property=\"og:url\" content=\"https:\/\/advogadabrasil.com\/de\/rechtsanwalt-brasilien-marta-serafim\/\" \/>\n<meta property=\"og:site_name\" content=\"Lawyer Brazil for foreigners and Brazilians\" \/>\n<meta property=\"article:modified_time\" content=\"2021-04-19T08:46:16+00:00\" \/>\n<meta name=\"twitter:card\" content=\"summary_large_image\" \/>\n<meta name=\"twitter:label1\" content=\"Gesch\u00e4tzte Lesezeit\" \/>\n\t<meta name=\"twitter:data1\" content=\"2\u00a0Minuten\" \/>\n<script type=\"application\/ld+json\" class=\"yoast-schema-graph\">{\"@context\":\"https:\\\/\\\/schema.org\",\"@graph\":[{\"@type\":\"WebPage\",\"@id\":\"https:\\\/\\\/advogadabrasil.com\\\/de\\\/rechtsanwalt-brasilien-marta-serafim\\\/\",\"url\":\"https:\\\/\\\/advogadabrasil.com\\\/de\\\/rechtsanwalt-brasilien-marta-serafim\\\/\",\"name\":\"Brasilianische Rechtsanw\u00e4ltin Marta Serafim Ilh\u00e9us Schweiz Genf\",\"isPartOf\":{\"@id\":\"https:\\\/\\\/advogadabrasil.com\\\/de\\\/#website\"},\"datePublished\":\"2016-08-22T10:29:51+00:00\",\"dateModified\":\"2021-04-19T08:46:16+00:00\",\"description\":\"Brasilianische Rechtsanw\u00e4ltin Marta Serafim Ilh\u00e9us Schweiz Genf. Rechtsanw\u00e4ltin f\u00fcr internationales Recht und Kommunalrecht der Gemeinde Ilh\u00e9us.\",\"breadcrumb\":{\"@id\":\"https:\\\/\\\/advogadabrasil.com\\\/de\\\/rechtsanwalt-brasilien-marta-serafim\\\/#breadcrumb\"},\"inLanguage\":\"de\",\"potentialAction\":[{\"@type\":\"ReadAction\",\"target\":[\"https:\\\/\\\/advogadabrasil.com\\\/de\\\/rechtsanwalt-brasilien-marta-serafim\\\/\"]}]},{\"@type\":\"BreadcrumbList\",\"@id\":\"https:\\\/\\\/advogadabrasil.com\\\/de\\\/rechtsanwalt-brasilien-marta-serafim\\\/#breadcrumb\",\"itemListElement\":[{\"@type\":\"ListItem\",\"position\":1,\"name\":\"Accueil\",\"item\":\"https:\\\/\\\/advogadabrasil.com\\\/de\\\/\"},{\"@type\":\"ListItem\",\"position\":2,\"name\":\"\u00dcBER MICH\"}]},{\"@type\":\"WebSite\",\"@id\":\"https:\\\/\\\/advogadabrasil.com\\\/de\\\/#website\",\"url\":\"https:\\\/\\\/advogadabrasil.com\\\/de\\\/\",\"name\":\"Advogada Advogado Brasil\",\"description\":\"Are you looking to start up a business - Buy property - Need a document\",\"publisher\":{\"@id\":\"https:\\\/\\\/advogadabrasil.com\\\/de\\\/#organization\"},\"potentialAction\":[{\"@type\":\"SearchAction\",\"target\":{\"@type\":\"EntryPoint\",\"urlTemplate\":\"https:\\\/\\\/advogadabrasil.com\\\/de\\\/?s={search_term_string}\"},\"query-input\":{\"@type\":\"PropertyValueSpecification\",\"valueRequired\":true,\"valueName\":\"search_term_string\"}}],\"inLanguage\":\"de\"},{\"@type\":\"Organization\",\"@id\":\"https:\\\/\\\/advogadabrasil.com\\\/de\\\/#organization\",\"name\":\"Advogada Brasil\",\"url\":\"https:\\\/\\\/advogadabrasil.com\\\/de\\\/\",\"logo\":{\"@type\":\"ImageObject\",\"inLanguage\":\"de\",\"@id\":\"https:\\\/\\\/advogadabrasil.com\\\/de\\\/#\\\/schema\\\/logo\\\/image\\\/\",\"url\":\"https:\\\/\\\/advogadabrasil.com\\\/wp-content\\\/uploads\\\/2017\\\/05\\\/marta-serafim-advogada-1.png\",\"contentUrl\":\"https:\\\/\\\/advogadabrasil.com\\\/wp-content\\\/uploads\\\/2017\\\/05\\\/marta-serafim-advogada-1.png\",\"width\":232,\"height\":60,\"caption\":\"Advogada Brasil\"},\"image\":{\"@id\":\"https:\\\/\\\/advogadabrasil.com\\\/de\\\/#\\\/schema\\\/logo\\\/image\\\/\"},\"sameAs\":[\"https:\\\/\\\/www.instagram.com\\\/advogada_brasil\\\/?hl=fr\",\"https:\\\/\\\/www.linkedin.com\\\/in\\\/marta-serafim-2178bb16\\\/\"]}]}<\/script>\n<!-- \/ Yoast SEO plugin. -->","yoast_head_json":{"title":"Brasilianische Rechtsanw\u00e4ltin Marta Serafim Ilh\u00e9us Schweiz Genf","description":"Brasilianische Rechtsanw\u00e4ltin Marta Serafim Ilh\u00e9us Schweiz Genf. Rechtsanw\u00e4ltin f\u00fcr internationales Recht und Kommunalrecht der Gemeinde Ilh\u00e9us.","robots":{"index":"index","follow":"follow","max-snippet":"max-snippet:-1","max-image-preview":"max-image-preview:large","max-video-preview":"max-video-preview:-1"},"canonical":"https:\/\/advogadabrasil.com\/de\/rechtsanwalt-brasilien-marta-serafim\/","og_locale":"de_DE","og_type":"article","og_title":"Brasilianische Rechtsanw\u00e4ltin Marta Serafim Ilh\u00e9us Schweiz Genf","og_description":"Brasilianische Rechtsanw\u00e4ltin Marta Serafim Ilh\u00e9us Schweiz Genf. Rechtsanw\u00e4ltin f\u00fcr internationales Recht und Kommunalrecht der Gemeinde Ilh\u00e9us.","og_url":"https:\/\/advogadabrasil.com\/de\/rechtsanwalt-brasilien-marta-serafim\/","og_site_name":"Lawyer Brazil for foreigners and Brazilians","article_modified_time":"2021-04-19T08:46:16+00:00","twitter_card":"summary_large_image","twitter_misc":{"Gesch\u00e4tzte Lesezeit":"2\u00a0Minuten"},"schema":{"@context":"https:\/\/schema.org","@graph":[{"@type":"WebPage","@id":"https:\/\/advogadabrasil.com\/de\/rechtsanwalt-brasilien-marta-serafim\/","url":"https:\/\/advogadabrasil.com\/de\/rechtsanwalt-brasilien-marta-serafim\/","name":"Brasilianische Rechtsanw\u00e4ltin Marta Serafim Ilh\u00e9us Schweiz Genf","isPartOf":{"@id":"https:\/\/advogadabrasil.com\/de\/#website"},"datePublished":"2016-08-22T10:29:51+00:00","dateModified":"2021-04-19T08:46:16+00:00","description":"Brasilianische Rechtsanw\u00e4ltin Marta Serafim Ilh\u00e9us Schweiz Genf. Rechtsanw\u00e4ltin f\u00fcr internationales Recht und Kommunalrecht der Gemeinde Ilh\u00e9us.","breadcrumb":{"@id":"https:\/\/advogadabrasil.com\/de\/rechtsanwalt-brasilien-marta-serafim\/#breadcrumb"},"inLanguage":"de","potentialAction":[{"@type":"ReadAction","target":["https:\/\/advogadabrasil.com\/de\/rechtsanwalt-brasilien-marta-serafim\/"]}]},{"@type":"BreadcrumbList","@id":"https:\/\/advogadabrasil.com\/de\/rechtsanwalt-brasilien-marta-serafim\/#breadcrumb","itemListElement":[{"@type":"ListItem","position":1,"name":"Accueil","item":"https:\/\/advogadabrasil.com\/de\/"},{"@type":"ListItem","position":2,"name":"\u00dcBER MICH"}]},{"@type":"WebSite","@id":"https:\/\/advogadabrasil.com\/de\/#website","url":"https:\/\/advogadabrasil.com\/de\/","name":"Advogada Advogado Brasil","description":"Are you looking to start up a business - Buy property - Need a document","publisher":{"@id":"https:\/\/advogadabrasil.com\/de\/#organization"},"potentialAction":[{"@type":"SearchAction","target":{"@type":"EntryPoint","urlTemplate":"https:\/\/advogadabrasil.com\/de\/?s={search_term_string}"},"query-input":{"@type":"PropertyValueSpecification","valueRequired":true,"valueName":"search_term_string"}}],"inLanguage":"de"},{"@type":"Organization","@id":"https:\/\/advogadabrasil.com\/de\/#organization","name":"Advogada Brasil","url":"https:\/\/advogadabrasil.com\/de\/","logo":{"@type":"ImageObject","inLanguage":"de","@id":"https:\/\/advogadabrasil.com\/de\/#\/schema\/logo\/image\/","url":"https:\/\/advogadabrasil.com\/wp-content\/uploads\/2017\/05\/marta-serafim-advogada-1.png","contentUrl":"https:\/\/advogadabrasil.com\/wp-content\/uploads\/2017\/05\/marta-serafim-advogada-1.png","width":232,"height":60,"caption":"Advogada Brasil"},"image":{"@id":"https:\/\/advogadabrasil.com\/de\/#\/schema\/logo\/image\/"},"sameAs":["https:\/\/www.instagram.com\/advogada_brasil\/?hl=fr","https:\/\/www.linkedin.com\/in\/marta-serafim-2178bb16\/"]}]}},"_links":{"self":[{"href":"https:\/\/advogadabrasil.com\/de\/wp-json\/wp\/v2\/pages\/1329","targetHints":{"allow":["GET"]}}],"collection":[{"href":"https:\/\/advogadabrasil.com\/de\/wp-json\/wp\/v2\/pages"}],"about":[{"href":"https:\/\/advogadabrasil.com\/de\/wp-json\/wp\/v2\/types\/page"}],"author":[{"embeddable":true,"href":"https:\/\/advogadabrasil.com\/de\/wp-json\/wp\/v2\/users\/1"}],"replies":[{"embeddable":true,"href":"https:\/\/advogadabrasil.com\/de\/wp-json\/wp\/v2\/comments?post=1329"}],"version-history":[{"count":0,"href":"https:\/\/advogadabrasil.com\/de\/wp-json\/wp\/v2\/pages\/1329\/revisions"}],"wp:attachment":[{"href":"https:\/\/advogadabrasil.com\/de\/wp-json\/wp\/v2\/media?parent=1329"}],"curies":[{"name":"wp","href":"https:\/\/api.w.org\/{rel}","templated":true}]}}